{"id":5469,"date":"2020-07-23T14:39:37","date_gmt":"2020-07-23T11:39:37","guid":{"rendered":"http:\/\/karyapi-dogalgaz.com\/?page_id=5469"},"modified":"2020-07-23T14:45:04","modified_gmt":"2020-07-23T11:45:04","slug":"basari-hikayeleri","status":"publish","type":"page","link":"http:\/\/karyapi-dogalgaz.com\/index.php\/basari-hikayeleri\/","title":{"rendered":"Ba\u015far\u0131 Hikayeleri"},"content":{"rendered":"\t\t<div data-elementor-type=\"wp-page\" data-elementor-id=\"5469\" class=\"elementor elementor-5469\" data-elementor-settings=\"[]\">\n\t\t\t<div class=\"elementor-inner\">\n\t\t\t\t<div class=\"elementor-section-wrap\">\n\t\t\t\t\t\t\t<section class=\"elementor-element elementor-element-fb04492 elementor-section-content-middle elementor-section-boxed elementor-section-height-default elementor-section-height-default elementor-section elementor-top-section\" data-id=\"fb04492\" data-element_type=\"section\">\n\t\t\t\t\t\t<div class=\"elementor-container elementor-column-gap-extended\">\n\t\t\t\t<div class=\"elementor-row\">\n\t\t\t\t<div class=\"elementor-element elementor-element-7b3c5f0 elementor-column elementor-col-50 elementor-top-column\" data-id=\"7b3c5f0\" data-element_type=\"column\">\n\t\t\t<div class=\"elementor-column-wrap  elementor-element-populated\">\n\t\t\t\t\t<div class=\"elementor-widget-wrap\">\n\t\t\t\t<div class=\"elementor-element elementor-element-f1a14f8 elementor-widget elementor-widget-ct_heading\" data-id=\"f1a14f8\" data-element_type=\"widget\" data-widget_type=\"ct_heading.default\">\n\t\t\t\t<div class=\"elementor-widget-container\">\n\t\t\t<div class=\"ct-heading h-align-  sub-style1 ct-heading-left item-st-default\">\r\n\t\t\t<div class=\"item--sub-title style1 show-line\">Bug\u00fcn ne oldu ?<\/div>\r\n\t    <h3 class=\"item--title st-default\">\r\n                <span>\r\n                        Karyap\u0131 Do\u011falgaz <br>\nBa\u015far\u0131 Hikayeleri                    <\/span>\r\n            <\/h3>\r\n<\/div>\t\t<\/div>\n\t\t\t\t<\/div>\n\t\t\t\t\t\t<\/div>\n\t\t\t<\/div>\n\t\t<\/div>\n\t\t\t\t<div class=\"elementor-element elementor-element-f25fa3b elementor-column elementor-col-50 elementor-top-column\" data-id=\"f25fa3b\" data-element_type=\"column\">\n\t\t\t<div class=\"elementor-column-wrap  elementor-element-populated\">\n\t\t\t\t\t<div class=\"elementor-widget-wrap\">\n\t\t\t\t<div class=\"elementor-element elementor-element-a6d957c elementor-widget elementor-widget-text-editor\" data-id=\"a6d957c\" data-element_type=\"widget\" data-widget_type=\"text-editor.default\">\n\t\t\t\t<div class=\"elementor-widget-container\">\n\t\t\t\t\t<div class=\"elementor-text-editor elementor-clearfix\"><p>Firmam\u0131z ve t\u00fcm piyasa hakk\u0131nda bilgilendirmeleri duyurular\u0131 bu sayfa alt\u0131nda g\u00f6r\u00fcnt\u00fcleyebilirsiniz.<\/p><\/div>\n\t\t\t\t<\/div>\n\t\t\t\t<\/div>\n\t\t\t\t\t\t<\/div>\n\t\t\t<\/div>\n\t\t<\/div>\n\t\t\t\t\t\t<\/div>\n\t\t\t<\/div>\n\t\t<\/section>\n\t\t\t\t<section class=\"elementor-element elementor-element-3df308c elementor-section-boxed elementor-section-height-default elementor-section-height-default elementor-section elementor-top-section\" data-id=\"3df308c\" data-element_type=\"section\">\n\t\t\t\t\t\t<div class=\"elementor-container elementor-column-gap-extended\">\n\t\t\t\t<div class=\"elementor-row\">\n\t\t\t\t<div class=\"elementor-element elementor-element-95c454c elementor-column elementor-col-100 elementor-top-column\" data-id=\"95c454c\" data-element_type=\"column\">\n\t\t\t<div class=\"elementor-column-wrap  elementor-element-populated\">\n\t\t\t\t\t<div class=\"elementor-widget-wrap\">\n\t\t\t\t<div class=\"elementor-element elementor-element-b97f62b elementor-widget elementor-widget-ct_blog_grid\" data-id=\"b97f62b\" data-element_type=\"widget\" data-widget_type=\"ct_blog_grid.default\">\n\t\t\t\t<div class=\"elementor-widget-container\">\n\t\t\t\r\n<div id=\"ct_blog_grid-b97f62b\" class=\"ct-grid ct-blog-grid ct-blog-grid-layout1\" data-layout=\"masonry\" data-start-page=\"1\" data-max-pages=\"1\" data-total=\"2\" data-perpage=\"100\" data-next-link=\"\">\r\n    <div class=\"ct-grid-overlay\"><\/div>\r\n            <div class=\"grid-filter-wrap align-center\">\r\n            <span class=\"filter-item active\" data-filter=\"*\">T\u00fcm\u00fc<\/span>\r\n                                                            \r\n                <span class=\"filter-item\" data-filter=\".basari-hikayeleri\">\r\n                    Ba\u015far\u0131 Hikayeleri                <\/span>\r\n                    <\/div>\r\n    \r\n    <div class=\"ct-grid-inner ct-grid-masonry row animate-time\" data-gutter=\"15\">\r\n                    <div class=\"grid-sizer col-xl-4 col-lg-4 col-md-6 col-sm-6 col-12\"><\/div>\r\n                                <div class=\"grid-item col-xl-4 col-lg-4 col-md-6 col-sm-6 col-12 basari-hikayeleri\">\r\n                    <div class=\"grid-item-inner wow fadeInUp\">\r\n                                                    <div class=\"entry-featured\">\r\n                                <a href=\"http:\/\/karyapi-dogalgaz.com\/index.php\/2020\/06\/23\/immergas-25-yilinda-karyapi-ile\/\"><img loading=\"lazy\" decoding=\"async\" class=\"\" src=\"http:\/\/karyapi-dogalgaz.com\/wp-content\/uploads\/2020\/06\/unnamed.png\" width=\"512\" height=\"268\" alt=\"unnamed\" title=\"unnamed\" \/><\/a>\r\n                            <\/div>\r\n                                                <div class=\"entry-body\">\r\n                            <div class=\"entry-holder\">\r\n                                                                    <ul class=\"entry-meta\">\r\n                                                                                    <li class=\"item-date\"><i class=\"fac fac-calendar-alt\"><\/i>23\/06\/2020<\/li>\r\n                                                                                                                    <\/ul>\r\n                                                                <h3 class=\"entry-title\"><a href=\"http:\/\/karyapi-dogalgaz.com\/index.php\/2020\/06\/23\/immergas-25-yilinda-karyapi-ile\/\">Immergas 25. Y\u0131l\u0131nda Karyap\u0131 ile!!<\/a><\/h3>\r\n                                                                    <div class=\"entry-readmore\">\r\n                                        <a href=\"http:\/\/karyapi-dogalgaz.com\/index.php\/2020\/06\/23\/immergas-25-yilinda-karyapi-ile\/\">\r\n                                            \u0130ncele                                            <i class=\"fac fac-angle-double-right space-left\"><\/i>\r\n                                        <\/a>\r\n                                    <\/div>\r\n                                                            <\/div>\r\n                        <\/div>\r\n                    <\/div>\r\n                <\/div>\r\n                            <div class=\"grid-item col-xl-4 col-lg-4 col-md-6 col-sm-6 col-12 basari-hikayeleri karyapi-bilgilendiriyor\">\r\n                    <div class=\"grid-item-inner wow fadeInUp\">\r\n                                                    <div class=\"entry-featured\">\r\n                                <a href=\"http:\/\/karyapi-dogalgaz.com\/index.php\/2020\/06\/23\/immergas-sistemleri-2018-yili-1-si\/\"><img loading=\"lazy\" decoding=\"async\" class=\"\" src=\"http:\/\/karyapi-dogalgaz.com\/wp-content\/uploads\/2020\/06\/unnamed.png\" width=\"512\" height=\"268\" alt=\"unnamed\" title=\"unnamed\" \/><\/a>\r\n                            <\/div>\r\n                                                <div class=\"entry-body\">\r\n                            <div class=\"entry-holder\">\r\n                                                                    <ul class=\"entry-meta\">\r\n                                                                                    <li class=\"item-date\"><i class=\"fac fac-calendar-alt\"><\/i>23\/06\/2020<\/li>\r\n                                                                                                                    <\/ul>\r\n                                                                <h3 class=\"entry-title\"><a href=\"http:\/\/karyapi-dogalgaz.com\/index.php\/2020\/06\/23\/immergas-sistemleri-2018-yili-1-si\/\">Immergas Sistemleri 2018 Y\u0131l\u0131 1. si<\/a><\/h3>\r\n                                                                    <div class=\"entry-readmore\">\r\n                                        <a href=\"http:\/\/karyapi-dogalgaz.com\/index.php\/2020\/06\/23\/immergas-sistemleri-2018-yili-1-si\/\">\r\n                                            \u0130ncele                                            <i class=\"fac fac-angle-double-right space-left\"><\/i>\r\n                                        <\/a>\r\n                                    <\/div>\r\n                                                            <\/div>\r\n                        <\/div>\r\n                    <\/div>\r\n                <\/div>\r\n                <\/div>\r\n        <\/div>\t\t<\/div>\n\t\t\t\t<\/div>\n\t\t\t\t\t\t<\/div>\n\t\t\t<\/div>\n\t\t<\/div>\n\t\t\t\t\t\t<\/div>\n\t\t\t<\/div>\n\t\t<\/section>\n\t\t\t\t\t\t<\/div>\n\t\t\t<\/div>\n\t\t<\/div>\n\t\t","protected":false},"excerpt":{"rendered":"<p>Bug\u00fcn ne oldu ? Karyap\u0131 Do\u011falgaz Ba\u015far\u0131 Hikayeleri Firmam\u0131z ve t\u00fcm piyasa hakk\u0131nda bilgilendirmeleri duyurular\u0131 bu sayfa alt\u0131nda g\u00f6r\u00fcnt\u00fcleyebilirsiniz. T\u00fcm\u00fc Ba\u015far\u0131 Hikayeleri 23\/06\/2020 Immergas 25. Y\u0131l\u0131nda Karyap\u0131 ile!! \u0130ncele 23\/06\/2020 Immergas Sistemleri 2018 Y\u0131l\u0131 1. si \u0130ncele<\/p>\n","protected":false},"author":1,"featured_media":0,"parent":0,"menu_order":0,"comment_status":"closed","ping_status":"closed","template":"","meta":{"footnotes":""},"class_list":["post-5469","page","type-page","status-publish","hentry"],"_links":{"self":[{"href":"http:\/\/karyapi-dogalgaz.com\/index.php\/wp-json\/wp\/v2\/pages\/5469","targetHints":{"allow":["GET"]}}],"collection":[{"href":"http:\/\/karyapi-dogalgaz.com\/index.php\/wp-json\/wp\/v2\/pages"}],"about":[{"href":"http:\/\/karyapi-dogalgaz.com\/index.php\/wp-json\/wp\/v2\/types\/page"}],"author":[{"embeddable":true,"href":"http:\/\/karyapi-dogalgaz.com\/index.php\/wp-json\/wp\/v2\/users\/1"}],"replies":[{"embeddable":true,"href":"http:\/\/karyapi-dogalgaz.com\/index.php\/wp-json\/wp\/v2\/comments?post=5469"}],"version-history":[{"count":2,"href":"http:\/\/karyapi-dogalgaz.com\/index.php\/wp-json\/wp\/v2\/pages\/5469\/revisions"}],"predecessor-version":[{"id":5475,"href":"http:\/\/karyapi-dogalgaz.com\/index.php\/wp-json\/wp\/v2\/pages\/5469\/revisions\/5475"}],"wp:attachment":[{"href":"http:\/\/karyapi-dogalgaz.com\/index.php\/wp-json\/wp\/v2\/media?parent=5469"}],"curies":[{"name":"wp","href":"https:\/\/api.w.org\/{rel}","templated":true}]}}