{"id":5458,"date":"2020-07-23T14:32:05","date_gmt":"2020-07-23T11:32:05","guid":{"rendered":"http:\/\/karyapi-dogalgaz.com\/?page_id=5458"},"modified":"2020-07-23T14:32:34","modified_gmt":"2020-07-23T11:32:34","slug":"devam-eden-projeler","status":"publish","type":"page","link":"http:\/\/karyapi-dogalgaz.com\/index.php\/devam-eden-projeler\/","title":{"rendered":"Devam Eden Projeler"},"content":{"rendered":"\t\t<div data-elementor-type=\"wp-page\" data-elementor-id=\"5458\" class=\"elementor elementor-5458\">\n\t\t\t\t\t\t<section class=\"elementor-section elementor-top-section elementor-element elementor-element-5a6ca294 elementor-section-content-middle elementor-section-boxed elementor-section-height-default elementor-section-height-default\" data-id=\"5a6ca294\" data-element_type=\"section\" data-e-type=\"section\">\n\t\t\t\t\t\t<div class=\"elementor-container elementor-column-gap-extended\">\n\t\t\t\t\t<div class=\"elementor-column elementor-col-50 elementor-top-column elementor-element elementor-element-4cccd8f3\" data-id=\"4cccd8f3\" data-element_type=\"column\" data-e-type=\"column\">\n\t\t\t<div class=\"elementor-widget-wrap elementor-element-populated\">\n\t\t\t\t\t\t<div class=\"elementor-element elementor-element-64f9a477 elementor-widget elementor-widget-ct_heading\" data-id=\"64f9a477\" data-element_type=\"widget\" data-e-type=\"widget\" data-widget_type=\"ct_heading.default\">\n\t\t\t\t<div class=\"elementor-widget-container\">\n\t\t\t\t\t<div class=\"ct-heading h-align-  sub- ct-heading-left item-st-line-left1\">\r\n\t    <h3 class=\"item--title st-line-left1\">\r\n                <span>\r\n                            <i><\/i>\r\n                        Karyap\u0131 Do\u011falgaz M\u00fchendislik                    <\/span>\r\n            <\/h3>\r\n<\/div>\t\t\t\t<\/div>\n\t\t\t\t<\/div>\n\t\t\t\t\t<\/div>\n\t\t<\/div>\n\t\t\t\t<div class=\"elementor-column elementor-col-50 elementor-top-column elementor-element elementor-element-3f489776\" data-id=\"3f489776\" data-element_type=\"column\" data-e-type=\"column\">\n\t\t\t<div class=\"elementor-widget-wrap elementor-element-populated\">\n\t\t\t\t\t\t<div class=\"elementor-element elementor-element-508c91e4 elementor-widget elementor-widget-text-editor\" data-id=\"508c91e4\" data-element_type=\"widget\" data-e-type=\"widget\" data-widget_type=\"text-editor.default\">\n\t\t\t\t<div class=\"elementor-widget-container\">\n\t\t\t\t\t\t\t\t\t<p>Karyap\u0131 Do\u011falgaz olarak tamamlanan t\u00fcm projelerimiz a\u015fa\u011f\u0131da listelenmi\u015ftir. Detayl\u0131 olar t\u00fcm projelerimizi inceleyebilirsiniz.<\/p>\t\t\t\t\t\t\t\t<\/div>\n\t\t\t\t<\/div>\n\t\t\t\t\t<\/div>\n\t\t<\/div>\n\t\t\t\t\t<\/div>\n\t\t<\/section>\n\t\t\t\t<section class=\"elementor-section elementor-top-section elementor-element elementor-element-7cbc083 elementor-section-stretched elementor-section-full_width elementor-section-height-default elementor-section-height-default\" data-id=\"7cbc083\" data-element_type=\"section\" data-e-type=\"section\" data-settings=\"{&quot;stretch_section&quot;:&quot;section-stretched&quot;}\">\n\t\t\t\t\t\t<div class=\"elementor-container elementor-column-gap-no\">\n\t\t\t\t\t<div class=\"elementor-column elementor-col-100 elementor-top-column elementor-element elementor-element-75e7ec9\" data-id=\"75e7ec9\" data-element_type=\"column\" data-e-type=\"column\">\n\t\t\t<div class=\"elementor-widget-wrap elementor-element-populated\">\n\t\t\t\t\t\t<div class=\"elementor-element elementor-element-36e3181f elementor-widget elementor-widget-ct_portfolio_grid\" data-id=\"36e3181f\" data-element_type=\"widget\" data-e-type=\"widget\" data-widget_type=\"ct_portfolio_grid.default\">\n\t\t\t\t<div class=\"elementor-widget-container\">\n\t\t\t\t\t\r\n<div id=\"ct_portfolio_grid-36e3181f\" class=\"ct-grid ct-portfolio-grid1\" data-layout=\"masonry\" data-start-page=\"1\" data-max-pages=\"1\" data-total=\"2\" data-perpage=\"100\" data-next-link=\"\">\r\n    <div class=\"ct-grid-overlay\"><\/div>\r\n            <div class=\"grid-filter-wrap\">\r\n            <span class=\"filter-item active\" data-filter=\"*\">T\u00fcm \u0130\u015fler<\/span>\r\n                                                            \r\n                <span class=\"filter-item\" data-filter=\".devam-eden-projeler\">\r\n                    Devam Eden Projeler                <\/span>\r\n                    <\/div>\r\n    \r\n    <div class=\"ct-grid-inner ct-grid-masonry row animate-time\" data-gutter=\"15\">\r\n                        <div class=\"grid-item col-xl-4 col-lg-3 col-md-6 col-sm-6 col-12 devam-eden-projeler\">\r\n                    <div class=\"grid-item-inner wow fadeIn\">\r\n                                                    <div class=\"item--featured\">\r\n                                <img fetchpriority=\"high\" decoding=\"async\" width=\"600\" height=\"450\" src=\"http:\/\/karyapi-dogalgaz.com\/wp-content\/uploads\/2020\/06\/20200622_152457-600x450.jpg\" class=\"attachment-consultio-medium\" alt=\"\" \/>                            <\/div>\r\n                                                \r\n                        <div class=\"item--holder\">\r\n                            <div class=\"item--meta\">\r\n                                                                    <h3 class=\"item--title\"><a href=\"http:\/\/karyapi-dogalgaz.com\/index.php\/Projeler\/orce-insaat\/\">Or\u00e7e \u0130n\u015faat<\/a><\/h3>\r\n                                                                                            <\/div>\r\n                                                    <\/div>\r\n                    <\/div>\r\n                <\/div>\r\n                            <div class=\"grid-item col-xl-4 col-lg-3 col-md-6 col-sm-6 col-12 devam-eden-projeler\">\r\n                    <div class=\"grid-item-inner wow fadeIn\">\r\n                                                    <div class=\"item--featured\">\r\n                                <img decoding=\"async\" width=\"600\" height=\"450\" src=\"http:\/\/karyapi-dogalgaz.com\/wp-content\/uploads\/2020\/06\/49111031_958530544535179_8185765658206666752_o-600x450.jpg\" class=\"attachment-consultio-medium\" alt=\"\" \/>                            <\/div>\r\n                                                \r\n                        <div class=\"item--holder\">\r\n                            <div class=\"item--meta\">\r\n                                                                    <h3 class=\"item--title\"><a href=\"http:\/\/karyapi-dogalgaz.com\/index.php\/Projeler\/dinler-insaat\/\">Dinler \u0130n\u015faat<\/a><\/h3>\r\n                                                                                            <\/div>\r\n                                                    <\/div>\r\n                    <\/div>\r\n                <\/div>\r\n                                <div class=\"grid-sizer col-xl-4 col-lg-3 col-md-6 col-sm-6 col-12\"><\/div>\r\n            <\/div>\r\n        <\/div>\t\t\t\t<\/div>\n\t\t\t\t<\/div>\n\t\t\t\t\t<\/div>\n\t\t<\/div>\n\t\t\t\t\t<\/div>\n\t\t<\/section>\n\t\t\t\t<\/div>\n\t\t","protected":false},"excerpt":{"rendered":"<p>Karyap\u0131 Do\u011falgaz M\u00fchendislik Karyap\u0131 Do\u011falgaz olarak tamamlanan t\u00fcm projelerimiz a\u015fa\u011f\u0131da listelenmi\u015ftir. Detayl\u0131 olar t\u00fcm projelerimizi inceleyebilirsiniz. T\u00fcm \u0130\u015fler Devam Eden Projeler Y\u00fckselen Park Nil\u00fcfer Proje \u015eablon Sayfas\u0131 Or\u00e7e \u0130n\u015faat Mudanya Aktu\u011fcan \u0130n\u015faat Dinler \u0130n\u015faat<\/p>\n","protected":false},"author":1,"featured_media":0,"parent":0,"menu_order":0,"comment_status":"closed","ping_status":"closed","template":"","meta":{"footnotes":""},"class_list":["post-5458","page","type-page","status-publish","hentry"],"aioseo_notices":[],"_links":{"self":[{"href":"http:\/\/karyapi-dogalgaz.com\/index.php\/wp-json\/wp\/v2\/pages\/5458","targetHints":{"allow":["GET"]}}],"collection":[{"href":"http:\/\/karyapi-dogalgaz.com\/index.php\/wp-json\/wp\/v2\/pages"}],"about":[{"href":"http:\/\/karyapi-dogalgaz.com\/index.php\/wp-json\/wp\/v2\/types\/page"}],"author":[{"embeddable":true,"href":"http:\/\/karyapi-dogalgaz.com\/index.php\/wp-json\/wp\/v2\/users\/1"}],"replies":[{"embeddable":true,"href":"http:\/\/karyapi-dogalgaz.com\/index.php\/wp-json\/wp\/v2\/comments?post=5458"}],"version-history":[{"count":1,"href":"http:\/\/karyapi-dogalgaz.com\/index.php\/wp-json\/wp\/v2\/pages\/5458\/revisions"}],"predecessor-version":[{"id":5460,"href":"http:\/\/karyapi-dogalgaz.com\/index.php\/wp-json\/wp\/v2\/pages\/5458\/revisions\/5460"}],"wp:attachment":[{"href":"http:\/\/karyapi-dogalgaz.com\/index.php\/wp-json\/wp\/v2\/media?parent=5458"}],"curies":[{"name":"wp","href":"https:\/\/api.w.org\/{rel}","templated":true}]}}