{"id":5430,"date":"2020-06-28T18:34:36","date_gmt":"2020-06-28T15:34:36","guid":{"rendered":"http:\/\/karyapi-dogalgaz.com\/?page_id=5430"},"modified":"2020-06-28T18:54:51","modified_gmt":"2020-06-28T15:54:51","slug":"kesif-formu","status":"publish","type":"page","link":"http:\/\/karyapi-dogalgaz.com\/index.php\/kesif-formu\/","title":{"rendered":"Ke\u015fif Formu"},"content":{"rendered":"\t\t<div data-elementor-type=\"wp-page\" data-elementor-id=\"5430\" class=\"elementor elementor-5430\">\n\t\t\t\t\t\t<section class=\"elementor-section elementor-top-section elementor-element elementor-element-7d640f1 elementor-section-boxed elementor-section-height-default elementor-section-height-default\" data-id=\"7d640f1\" data-element_type=\"section\" data-e-type=\"section\">\n\t\t\t\t\t\t<div class=\"elementor-container elementor-column-gap-extended\">\n\t\t\t\t\t<div class=\"elementor-column elementor-col-100 elementor-top-column elementor-element elementor-element-1e2ce89\" data-id=\"1e2ce89\" data-element_type=\"column\" data-e-type=\"column\">\n\t\t\t<div class=\"elementor-widget-wrap elementor-element-populated\">\n\t\t\t\t\t\t<div class=\"elementor-element elementor-element-16d5b63 elementor-widget elementor-widget-ct_service_grid\" data-id=\"16d5b63\" data-element_type=\"widget\" data-e-type=\"widget\" data-widget_type=\"ct_service_grid.default\">\n\t\t\t\t<div class=\"elementor-widget-container\">\n\t\t\t\t\t\r\n<div id=\"ct_service_grid-16d5b63\" class=\"ct-grid ct-service-grid1\" data-layout=\"masonry\" data-start-page=\"1\" data-max-pages=\"0\" data-total=\"0\" data-perpage=\"6\" data-next-link=\"http:\/\/karyapi-dogalgaz.com\/index.php\/wp-json\/wp\/v2\/pages\/5430\/page\/2\/\">\r\n    <div class=\"ct-grid-overlay\"><\/div>\r\n    \r\n    <div class=\"ct-grid-inner ct-grid-masonry row animate-time\" data-gutter=\"15\">\r\n                            <div class=\"grid-sizer col-xl-4 col-lg-4 col-md-6 col-sm-6 col-12\"><\/div>\r\n            <\/div>\r\n        <\/div>\t\t\t\t<\/div>\n\t\t\t\t<\/div>\n\t\t\t\t\t<\/div>\n\t\t<\/div>\n\t\t\t\t\t<\/div>\n\t\t<\/section>\n\t\t\t\t<section class=\"elementor-section elementor-top-section elementor-element elementor-element-24daa0ba elementor-section-boxed elementor-section-height-default elementor-section-height-default\" data-id=\"24daa0ba\" data-element_type=\"section\" data-e-type=\"section\">\n\t\t\t\t\t\t<div class=\"elementor-container elementor-column-gap-extended\">\n\t\t\t\t\t<div class=\"elementor-column elementor-col-100 elementor-top-column elementor-element elementor-element-5bdc3af\" data-id=\"5bdc3af\" data-element_type=\"column\" data-e-type=\"column\">\n\t\t\t<div class=\"elementor-widget-wrap elementor-element-populated\">\n\t\t\t\t\t\t<div class=\"elementor-element elementor-element-46515694 elementor-invisible elementor-widget elementor-widget-ct_ctf7\" data-id=\"46515694\" data-element_type=\"widget\" data-e-type=\"widget\" data-settings=\"{&quot;_animation&quot;:&quot;tada&quot;}\" data-widget_type=\"ct_ctf7.default\">\n\t\t\t\t<div class=\"elementor-widget-container\">\n\t\t\t\t\t    <div class=\"ct-contact-form-layout1 style9 wow shake\">\r\n    \t\t    \t<div class=\"ct-contact-meta\">\r\n\t    \t\t<h3>\u00dcCRETS\u0130Z KE\u015e\u0130F Formu! \u015eimdi Formu Doldurup Bize \u0130letin<\/h3>\r\n\t    \t\t<p>Merhaba,\n%20\u2019ye varan indirimlerden faydalanmak i\u00e7in l\u00fctfen formu doldurun!<\/p>\r\n\t    \t<\/div>\r\n\t            <div class=\"ct-contact-form\">\r\n            \n<div class=\"wpcf7 no-js\" id=\"wpcf7-f2166-o1\" lang=\"en-US\" dir=\"ltr\" data-wpcf7-id=\"2166\">\n<div class=\"screen-reader-response\"><p role=\"status\" aria-live=\"polite\" aria-atomic=\"true\"><\/p> <ul><\/ul><\/div>\n<form action=\"\/index.php\/wp-json\/wp\/v2\/pages\/5430#wpcf7-f2166-o1\" method=\"post\" class=\"wpcf7-form init\" aria-label=\"Contact form\" novalidate=\"novalidate\" data-status=\"init\">\n<fieldset class=\"hidden-fields-container\"><input type=\"hidden\" name=\"_wpcf7\" value=\"2166\" \/><input type=\"hidden\" name=\"_wpcf7_version\" value=\"6.1.5\" \/><input type=\"hidden\" name=\"_wpcf7_locale\" value=\"en_US\" \/><input type=\"hidden\" name=\"_wpcf7_unit_tag\" value=\"wpcf7-f2166-o1\" \/><input type=\"hidden\" name=\"_wpcf7_container_post\" value=\"0\" \/><input type=\"hidden\" name=\"_wpcf7_posted_data_hash\" value=\"\" \/>\n<\/fieldset>\n<div class=\"row\">\n\t<div class=\"input-filled col-lg-6 col-md-6\">\n\t\t<p><span class=\"wpcf7-form-control-wrap\" data-name=\"first-name\"><input size=\"40\" maxlength=\"400\" class=\"wpcf7-form-control wpcf7-text wpcf7-validates-as-required\" aria-required=\"true\" aria-invalid=\"false\" placeholder=\"Ad\u0131n\u0131z *\" value=\"\" type=\"text\" name=\"first-name\" \/><\/span>\n\t\t<\/p>\n\t<\/div>\n\t<div class=\"input-filled col-lg-6 col-md-6\">\n\t\t<p><span class=\"wpcf7-form-control-wrap\" data-name=\"last-name\"><input size=\"40\" maxlength=\"400\" class=\"wpcf7-form-control wpcf7-text wpcf7-validates-as-required\" aria-required=\"true\" aria-invalid=\"false\" placeholder=\"Soyad\u0131n\u0131z *\" value=\"\" type=\"text\" name=\"last-name\" \/><\/span>\n\t\t<\/p>\n\t<\/div>\n<\/div>\n<div class=\"row\">\n\t<div class=\"input-filled col-lg-6 col-md-6\">\n\t\t<p><span class=\"wpcf7-form-control-wrap\" data-name=\"your-service\"><select class=\"wpcf7-form-control wpcf7-select wpcf7-validates-as-required\" aria-required=\"true\" aria-invalid=\"false\" name=\"your-service\"><option value=\"Hangi hizmetimizden yararlanmak \u0130stiyorsunuz?\">Hangi hizmetimizden yararlanmak \u0130stiyorsunuz?<\/option><option value=\"Do\u011falgaz Tesisat\u0131\">Do\u011falgaz Tesisat\u0131<\/option><option value=\"Kalorifer Tesisat\u0131\">Kalorifer Tesisat\u0131<\/option><option value=\"S\u0131hhi Tesisat\">S\u0131hhi Tesisat<\/option><option value=\"Kombi Montaj\u0131\">Kombi Montaj\u0131<\/option><option value=\"Radyat\u00f6r Montaj\u0131\">Radyat\u00f6r Montaj\u0131<\/option><\/select><\/span>\n\t\t<\/p>\n\t<\/div>\n\t<div class=\"input-filled col-lg-6 col-md-6\">\n\t\t<p><span class=\"wpcf7-form-control-wrap\" data-name=\"your-phone\"><input size=\"40\" maxlength=\"400\" class=\"wpcf7-form-control wpcf7-text wpcf7-validates-as-required\" aria-required=\"true\" aria-invalid=\"false\" placeholder=\"Telefon Numaran\u0131z *\" value=\"\" type=\"text\" name=\"your-phone\" \/><\/span>\n\t\t<\/p>\n\t<\/div>\n<\/div>\n<div class=\"row\">\n\t<div class=\"input-filled col-12\">\n\t\t<p><span class=\"wpcf7-form-control-wrap\" data-name=\"your-message\"><textarea cols=\"40\" rows=\"10\" maxlength=\"2000\" class=\"wpcf7-form-control wpcf7-textarea wpcf7-validates-as-required\" aria-required=\"true\" aria-invalid=\"false\" placeholder=\"Bize b\u0131rakmak istedi\u011finiz bir mesaj varsa l\u00fctfen bu alana yaz\u0131n\u0131z...\" name=\"your-message\"><\/textarea><\/span>\n\t\t<\/p>\n\t<\/div>\n\t<div class=\"input-filled col-12\">\n\t\t<p><button type=\"submit\" class=\"wpcf7-submit btn btn-block\"><i class=\"fac fac-arrow-circle-right space-right\"><\/i>Formu G\u00f6nder<\/button>\n\t\t<\/p>\n\t<\/div>\n<\/div><div class=\"wpcf7-response-output\" aria-hidden=\"true\"><\/div>\n<\/form>\n<\/div>\n        <\/div>\r\n    <\/div>\r\n\t\t\t\t<\/div>\n\t\t\t\t<\/div>\n\t\t\t\t\t<\/div>\n\t\t<\/div>\n\t\t\t\t\t<\/div>\n\t\t<\/section>\n\t\t\t\t<\/div>\n\t\t","protected":false},"excerpt":{"rendered":"<p>\u00dcCRETS\u0130Z KE\u015e\u0130F Formu! \u015eimdi Formu Doldurup Bize \u0130letin Merhaba, %20\u2019ye varan indirimlerden faydalanmak i\u00e7in l\u00fctfen formu doldurun! ServicesSuccess fullfillStartUp BusinessBusiness Growth Send now<\/p>\n","protected":false},"author":1,"featured_media":0,"parent":0,"menu_order":0,"comment_status":"closed","ping_status":"closed","template":"","meta":{"footnotes":""},"class_list":["post-5430","page","type-page","status-publish","hentry"],"aioseo_notices":[],"_links":{"self":[{"href":"http:\/\/karyapi-dogalgaz.com\/index.php\/wp-json\/wp\/v2\/pages\/5430","targetHints":{"allow":["GET"]}}],"collection":[{"href":"http:\/\/karyapi-dogalgaz.com\/index.php\/wp-json\/wp\/v2\/pages"}],"about":[{"href":"http:\/\/karyapi-dogalgaz.com\/index.php\/wp-json\/wp\/v2\/types\/page"}],"author":[{"embeddable":true,"href":"http:\/\/karyapi-dogalgaz.com\/index.php\/wp-json\/wp\/v2\/users\/1"}],"replies":[{"embeddable":true,"href":"http:\/\/karyapi-dogalgaz.com\/index.php\/wp-json\/wp\/v2\/comments?post=5430"}],"version-history":[{"count":7,"href":"http:\/\/karyapi-dogalgaz.com\/index.php\/wp-json\/wp\/v2\/pages\/5430\/revisions"}],"predecessor-version":[{"id":5443,"href":"http:\/\/karyapi-dogalgaz.com\/index.php\/wp-json\/wp\/v2\/pages\/5430\/revisions\/5443"}],"wp:attachment":[{"href":"http:\/\/karyapi-dogalgaz.com\/index.php\/wp-json\/wp\/v2\/media?parent=5430"}],"curies":[{"name":"wp","href":"https:\/\/api.w.org\/{rel}","templated":true}]}}