{"id":1972,"date":"2019-12-05T08:34:53","date_gmt":"2019-12-05T05:34:53","guid":{"rendered":"http:\/\/demo.casethemes.net\/consultio-corporate3\/?page_id=1972"},"modified":"2020-07-23T15:02:59","modified_gmt":"2020-07-23T12:02:59","slug":"hizmet-noktalari","status":"publish","type":"page","link":"http:\/\/karyapi-dogalgaz.com\/index.php\/hizmet-noktalari\/","title":{"rendered":"Hizmet Noktalar\u0131"},"content":{"rendered":"\t\t<div data-elementor-type=\"wp-page\" data-elementor-id=\"1972\" class=\"elementor elementor-1972\">\n\t\t\t\t\t\t<section class=\"elementor-section elementor-top-section elementor-element elementor-element-06f92b1 elementor-section-boxed elementor-section-height-default elementor-section-height-default\" data-id=\"06f92b1\" data-element_type=\"section\" data-e-type=\"section\">\n\t\t\t\t\t\t<div class=\"elementor-container elementor-column-gap-default\">\n\t\t\t\t\t<div class=\"elementor-column elementor-col-100 elementor-top-column elementor-element elementor-element-c78d6e0\" data-id=\"c78d6e0\" data-element_type=\"column\" data-e-type=\"column\">\n\t\t\t<div class=\"elementor-widget-wrap elementor-element-populated\">\n\t\t\t\t\t\t<div class=\"elementor-element elementor-element-0a5cac6 elementor-widget elementor-widget-ct_angle\" data-id=\"0a5cac6\" data-element_type=\"widget\" data-e-type=\"widget\" data-widget_type=\"ct_angle.default\">\n\t\t\t\t<div class=\"elementor-widget-container\">\n\t\t\t\t\t<div id=\"ct_angle-0a5cac6\" class=\"ct-angle hide-lg\">\r\n    <svg style=\"\r\n    \t\t        height: 0px;\r\n\t    \t    \t        fill: #F0F0F0;\r\n\t    \t    bottom: 0px;\r\n\t\t\" xmlns=\"http:\/\/www.w3.org\/2000\/svg\" width=\"100%\" viewBox=\"0 0 100 100\" version=\"1.1\" preserveAspectRatio=\"none\"><path stroke-width=\"0\" d=\"M0 0 C50 100 50 100 100 0 L100 100 0 100\"><\/path><\/svg>\r\n<\/div>\t\t\t\t<\/div>\n\t\t\t\t<\/div>\n\t\t\t\t\t<\/div>\n\t\t<\/div>\n\t\t\t\t\t<\/div>\n\t\t<\/section>\n\t\t\t\t<section class=\"elementor-section elementor-top-section elementor-element elementor-element-5f8a622 elementor-section-full_width elementor-section-height-default elementor-section-height-default\" data-id=\"5f8a622\" data-element_type=\"section\" data-e-type=\"section\">\n\t\t\t\t\t\t<div class=\"elementor-container elementor-column-gap-narrow\">\n\t\t\t\t\t<div class=\"elementor-column elementor-col-100 elementor-top-column elementor-element elementor-element-ea0c095\" data-id=\"ea0c095\" data-element_type=\"column\" data-e-type=\"column\">\n\t\t\t<div class=\"elementor-widget-wrap elementor-element-populated\">\n\t\t\t\t\t\t<div class=\"elementor-element elementor-element-7bf4992 elementor-widget elementor-widget-ct_career_grid\" data-id=\"7bf4992\" data-element_type=\"widget\" data-e-type=\"widget\" data-widget_type=\"ct_career_grid.default\">\n\t\t\t\t<div class=\"elementor-widget-container\">\n\t\t\t\t\t    <div class=\"ct-grid ct-career-grid1\">\r\n        <div class=\"ct-grid-inner ct-grid-masonry row animate-time\" data-gutter=\"7\">\r\n                            <div class=\"grid-item col-xl-4 col-lg-4 col-md-6 col-sm-6 col-12\">\r\n                    <div class=\"item--inner wow fadeInUp\">\r\n                        <div class=\"item--holder\">\r\n                        \t                                <div class=\"item--image\">\r\n                                    <a href=\"#\"><img decoding=\"async\" width=\"39\" height=\"40\" src=\"http:\/\/karyapi-dogalgaz.com\/wp-content\/uploads\/2019\/12\/icon-google.png\" class=\"attachment-thumbnail\" alt=\"\" \/><\/a>\r\n                                <\/div>\r\n                                                        <div class=\"item--meta\">\r\n                                <h3 class=\"item--title\">    \r\n                                    BURSA MERKEZ                                <\/h3>\r\n                                <ul class=\"item--feature\">\r\n                                                                                <li><i class=\"fa fa-home\"><\/i>Karyap\u0131 Do\u011falgaz<\/li>\r\n                                                                                    <li><i class=\"fa fa-user\"><\/i>Sat\u0131\u015f Sorumlusu<\/li>\r\n                                                                                    <li><i class=\"fa fa-map-marker\"><\/i>\u00c7iftehavuzlar Mh. 2. Kanal Cd. No:112\/A Osmangazi \/ BURSA<\/li>\r\n                                                                                    <li><i class=\"fa fa-volume-control-phone\"><\/i>+90 (224) 273 1669<\/li>\r\n                                                                        <\/ul>\r\n                            <\/div>\r\n                        <\/div>\r\n                        <div class=\"item-desc\"><\/div>\r\n                                                    <div class=\"item--button\">\r\n                                <a class=\"btn btn-secondary\" href=\"#\"><i class=\"fac fac-arrow-circle-right space-right\"><\/i>\u015eimdi Ara<\/a>\r\n                            <\/div>\r\n                                           <\/div>\r\n                <\/div>\r\n                            <div class=\"grid-item col-xl-4 col-lg-4 col-md-6 col-sm-6 col-12\">\r\n                    <div class=\"item--inner wow fadeInUp\">\r\n                        <div class=\"item--holder\">\r\n                        \t                                <div class=\"item--image\">\r\n                                    <a href=\"#\"><img decoding=\"async\" width=\"39\" height=\"40\" src=\"http:\/\/karyapi-dogalgaz.com\/wp-content\/uploads\/2019\/12\/icon-google.png\" class=\"attachment-thumbnail\" alt=\"\" \/><\/a>\r\n                                <\/div>\r\n                                                        <div class=\"item--meta\">\r\n                                <h3 class=\"item--title\">    \r\n                                    BURSA ORHANEL\u0130                                <\/h3>\r\n                                <ul class=\"item--feature\">\r\n                                                                                <li><i class=\"fa fa-home\"><\/i>Karyap\u0131 Do\u011falgaz<\/li>\r\n                                                                                    <li><i class=\"fa fa-user\"><\/i>Sat\u0131\u015f Sorumlusu<\/li>\r\n                                                                                    <li><i class=\"fa fa-map-marker\"><\/i>Adres girilecek<\/li>\r\n                                                                                    <li><i class=\"fa fa-volume-control-phone\"><\/i>Telefon Girilecek<\/li>\r\n                                                                        <\/ul>\r\n                            <\/div>\r\n                        <\/div>\r\n                        <div class=\"item-desc\"><\/div>\r\n                                                    <div class=\"item--button\">\r\n                                <a class=\"btn btn-secondary\" href=\"#\"><i class=\"fac fac-arrow-circle-right space-right\"><\/i>\u015eimdi Ara<\/a>\r\n                            <\/div>\r\n                                           <\/div>\r\n                <\/div>\r\n                        <div class=\"grid-sizer col-xl-4 col-lg-4 col-md-6 col-sm-6 col-12\"><\/div>\r\n        <\/div>\r\n    <\/div>\r\n\t\t\t\t<\/div>\n\t\t\t\t<\/div>\n\t\t\t\t\t<\/div>\n\t\t<\/div>\n\t\t\t\t\t<\/div>\n\t\t<\/section>\n\t\t\t\t<\/div>\n\t\t","protected":false},"excerpt":{"rendered":"<p>BURSA MERKEZ Karyap\u0131 Do\u011falgaz Sat\u0131\u015f Sorumlusu \u00c7iftehavuzlar Mh. 2. Kanal Cd. No:112\/A Osmangazi \/ BURSA +90 (224) 273 1669 \u015eimdi Ara BURSA ORHANEL\u0130 Karyap\u0131 Do\u011falgaz Sat\u0131\u015f Sorumlusu Adres girilecek Telefon Girilecek \u015eimdi Ara<\/p>\n","protected":false},"author":1,"featured_media":0,"parent":0,"menu_order":0,"comment_status":"closed","ping_status":"closed","template":"","meta":{"footnotes":""},"class_list":["post-1972","page","type-page","status-publish","hentry"],"aioseo_notices":[],"_links":{"self":[{"href":"http:\/\/karyapi-dogalgaz.com\/index.php\/wp-json\/wp\/v2\/pages\/1972","targetHints":{"allow":["GET"]}}],"collection":[{"href":"http:\/\/karyapi-dogalgaz.com\/index.php\/wp-json\/wp\/v2\/pages"}],"about":[{"href":"http:\/\/karyapi-dogalgaz.com\/index.php\/wp-json\/wp\/v2\/types\/page"}],"author":[{"embeddable":true,"href":"http:\/\/karyapi-dogalgaz.com\/index.php\/wp-json\/wp\/v2\/users\/1"}],"replies":[{"embeddable":true,"href":"http:\/\/karyapi-dogalgaz.com\/index.php\/wp-json\/wp\/v2\/comments?post=1972"}],"version-history":[{"count":8,"href":"http:\/\/karyapi-dogalgaz.com\/index.php\/wp-json\/wp\/v2\/pages\/1972\/revisions"}],"predecessor-version":[{"id":5481,"href":"http:\/\/karyapi-dogalgaz.com\/index.php\/wp-json\/wp\/v2\/pages\/1972\/revisions\/5481"}],"wp:attachment":[{"href":"http:\/\/karyapi-dogalgaz.com\/index.php\/wp-json\/wp\/v2\/media?parent=1972"}],"curies":[{"name":"wp","href":"https:\/\/api.w.org\/{rel}","templated":true}]}}